{"id":979,"date":"2021-01-02T23:19:32","date_gmt":"2021-01-02T22:19:32","guid":{"rendered":"https:\/\/nirvanaverde.it\/?page_id=979"},"modified":"2021-01-04T18:10:17","modified_gmt":"2021-01-04T17:10:17","slug":"attivita","status":"publish","type":"page","link":"https:\/\/nirvanaverde.it\/?page_id=979","title":{"rendered":"Attivit\u00e0"},"content":{"rendered":"<p>[et_pb_section fb_built=&#8221;1&#8243; fullwidth=&#8221;on&#8221; _builder_version=&#8221;4.4.3&#8243;][et_pb_fullwidth_header title=&#8221;Attivit\u00e0&#8221; _builder_version=&#8221;4.4.3&#8243; title_font=&#8221;|700|||||||&#8221; title_text_align=&#8221;left&#8221; title_font_size=&#8221;50px&#8221; title_letter_spacing=&#8221;2px&#8221; content_font=&#8221;|300||on|||||&#8221; content_font_size=&#8221;22px&#8221; subhead_font=&#8221;|300||on|||||&#8221; subhead_font_size=&#8221;22px&#8221; subhead_letter_spacing=&#8221;2px&#8221; subhead_line_height=&#8221;1.3em&#8221; background_color=&#8221;rgba(48,57,71,0.77)&#8221; background_image=&#8221;https:\/\/nirvanaverde.it\/wp-content\/uploads\/2021\/01\/Agonismo.jpg&#8221; background_blend=&#8221;soft-light&#8221; custom_button_one=&#8221;on&#8221; button_one_text_size=&#8221;14&#8243; button_one_text_color=&#8221;#ffffff&#8221; button_one_bg_color=&#8221;#eaba88&#8243; button_one_border_color=&#8221;#eaba88&#8243; button_one_letter_spacing=&#8221;2&#8243; button_one_font=&#8221;|||on|||||&#8221; button_one_use_icon=&#8221;off&#8221; custom_button_two=&#8221;on&#8221; button_two_text_size=&#8221;14&#8243; button_two_text_color=&#8221;#ffffff&#8221; button_two_border_color=&#8221;#ffffff&#8221; button_two_letter_spacing=&#8221;2&#8243; button_two_font=&#8221;|||on|||||&#8221; button_two_use_icon=&#8221;off&#8221; custom_padding=&#8221;110px||110px|&#8221; custom_padding_tablet=&#8221;&#8221; custom_padding_phone=&#8221;&#8221; custom_padding_last_edited=&#8221;on|desktop&#8221; button_one_text_color_hover=&#8221;#ffffff&#8221; button_one_border_color_hover=&#8221;#ffffff&#8221; button_two_border_color_hover=&#8221;#eaba88&#8243; button_one_letter_spacing_hover=&#8221;2&#8243; button_two_letter_spacing_hover=&#8221;2&#8243; button_one_bg_color_hover=&#8221;rgba(255,255,255,0)&#8221; button_two_bg_color_hover=&#8221;#eaba88&#8243; button_one_text_size__hover_enabled=&#8221;off&#8221; button_two_text_size__hover_enabled=&#8221;off&#8221; button_one_text_color__hover_enabled=&#8221;on&#8221; button_one_text_color__hover=&#8221;#ffffff&#8221; button_two_text_color__hover_enabled=&#8221;off&#8221; button_one_border_width__hover_enabled=&#8221;off&#8221; button_two_border_width__hover_enabled=&#8221;off&#8221; button_one_border_color__hover_enabled=&#8221;on&#8221; button_one_border_color__hover=&#8221;#ffffff&#8221; button_two_border_color__hover_enabled=&#8221;on&#8221; button_two_border_color__hover=&#8221;#eaba88&#8243; button_one_border_radius__hover_enabled=&#8221;off&#8221; button_two_border_radius__hover_enabled=&#8221;off&#8221; button_one_letter_spacing__hover_enabled=&#8221;on&#8221; button_one_letter_spacing__hover=&#8221;2&#8243; button_two_letter_spacing__hover_enabled=&#8221;on&#8221; button_two_letter_spacing__hover=&#8221;2&#8243; button_one_bg_color__hover_enabled=&#8221;on&#8221; button_one_bg_color__hover=&#8221;rgba(255,255,255,0)&#8221; button_two_bg_color__hover_enabled=&#8221;on&#8221; button_two_bg_color__hover=&#8221;#eaba88&#8243;]<\/p>\n<p>Home \/ <span style=\"color: #82b440;\">ATTIVITA&#8217;<\/span><\/p>\n<p>[\/et_pb_fullwidth_header][\/et_pb_section][et_pb_section fb_built=&#8221;1&#8243; module_id=&#8221;our-services&#8221; _builder_version=&#8221;3.22&#8243; custom_margin=&#8221;-55px|||||&#8221;][et_pb_row _builder_version=&#8221;4.4.3&#8243; custom_padding=&#8221;||0px|&#8221;][et_pb_column type=&#8221;4_4&#8243; _builder_version=&#8221;3.25&#8243; custom_padding=&#8221;|||&#8221; custom_padding__hover=&#8221;|||&#8221;][et_pb_text _builder_version=&#8221;4.4.3&#8243; hover_enabled=&#8221;0&#8243;]<\/p>\n<h2 class=\"baseline\">Attivit\u00e0 agonistica e non solo<\/h2>\n<p>[\/et_pb_text][\/et_pb_column][\/et_pb_row][et_pb_row column_structure=&#8221;1_2,1_2&#8243; _builder_version=&#8221;3.25&#8243; custom_css_main_element=&#8221;display: -webkit-box;||    display: -ms-flexbox;||    display: flex;||    -webkit-box-align: center;||    -ms-flex-align: center;||    align-items: center;||    -webkit-box-orient: horizontal;||    -webkit-box-direction: normal;||    -ms-flex-direction: row;||    flex-direction: row;||    -ms-flex-wrap: wrap;||    flex-wrap: wrap;&#8221;][et_pb_column type=&#8221;1_2&#8243; _builder_version=&#8221;3.25&#8243; custom_padding=&#8221;|||&#8221; custom_padding__hover=&#8221;|||&#8221;][et_pb_text _builder_version=&#8221;4.4.3&#8243; hover_enabled=&#8221;0&#8243;]<\/p>\n<p><strong>L&#8217;orienteering offre la possibilit\u00e0 di svolgere attivit\u00e0 sportiva all&#8217;aperto adatta a tutti.<\/strong><\/p>\n<p>L&#8217;ASD Nirvana Verde si \u00e8 specializzata negli anni nell&#8217;organizzazione e nella partecipazione di gare impegnative e lunghe come gli Adventure Trail in Orientamento o Raid, le Mountain Marathon e le Adventure Race Multisport.<\/p>\n<p>Esistono per\u00f2 gare di tutte le lunghezze e con percorsi di difficolt\u00e0 variabile. Il della Federazione Italiana Sport Orientamento (FISO) redige annualmente un calendario con tutte le gare in programma.\u00a0<\/p>\n<p>L&#8217;ASD Nirvana Verde ogni anno fa la sua parte organizzando diverse attivit\u00e0 e, oltre alle gi\u00e0 citate gare di lunga distanza, pianifica competizioni nazionali, regionali o promozionali che promuove sempre attraverso il sito NirvanaRaid.it.<\/p>\n<p>Qui sotto anche tutti i riferimenti per tesserarsi all&#8217;ASD Nirvana Verde.<\/p>\n<p>[\/et_pb_text][\/et_pb_column][et_pb_column type=&#8221;1_2&#8243; _builder_version=&#8221;3.25&#8243; custom_padding=&#8221;|||&#8221; custom_padding__hover=&#8221;|||&#8221;][et_pb_image src=&#8221;https:\/\/nirvanaverde.it\/wp-content\/uploads\/2021\/01\/Agonismo.jpg&#8221; _builder_version=&#8221;4.4.3&#8243; hover_enabled=&#8221;0&#8243;][\/et_pb_image][\/et_pb_column][\/et_pb_row][et_pb_row column_structure=&#8221;1_3,1_3,1_3&#8243; use_custom_gutter=&#8221;on&#8221; gutter_width=&#8221;2&#8243; _builder_version=&#8221;3.25&#8243;][et_pb_column type=&#8221;1_3&#8243; _builder_version=&#8221;3.25&#8243; background_color=&#8221;#ffffff&#8221; custom_padding=&#8221;|||&#8221; custom_css_main_element=&#8221;box-shadow:0 0 100px #ddd;&#8221; custom_padding__hover=&#8221;|||&#8221;][et_pb_image src=&#8221;https:\/\/nirvanaverde.it\/wp-content\/uploads\/2021\/01\/Iscrizione.jpg&#8221; show_bottom_space=&#8221;off&#8221; align_tablet=&#8221;center&#8221; align_phone=&#8221;&#8221; align_last_edited=&#8221;on|desktop&#8221; _builder_version=&#8221;4.4.3&#8243;][\/et_pb_image][et_pb_text _builder_version=&#8221;4.4.3&#8243; custom_margin=&#8221;||15px|&#8221;]<\/p>\n<h4>Tesseramento 2021<\/h4>\n<h4><span style=\"font-size: 14px; color: #5b606d; font-weight: 500;\">Iscriversi all&#8217;ASD Nirvana Verde \u00e8 semplicissimo e si pu\u00f2 fare anche a distanza. Esistono poi differenti tesseramenti a seconda del tipo di attivit\u00e0 che si vuole fare al seguente link le specifiche<\/span><\/h4>\n<p>[\/et_pb_text][et_pb_button button_url=&#8221;https:\/\/nirvanaverde.it\/2021\/01\/01\/tesseramenti-2021\/&#8221; button_text=&#8221;Tesseramenti 2021&#8243; _builder_version=&#8221;4.4.3&#8243; custom_button=&#8221;on&#8221; button_text_color=&#8221;#ffffff&#8221; button_bg_color=&#8221;#82b440&#8243; background_layout=&#8221;dark&#8221; custom_css_main_element=&#8221;padding:12px 35px!important&#8221; button_text_size__hover_enabled=&#8221;off&#8221; button_one_text_size__hover_enabled=&#8221;off&#8221; button_two_text_size__hover_enabled=&#8221;off&#8221; button_text_color__hover_enabled=&#8221;off&#8221; button_one_text_color__hover_enabled=&#8221;off&#8221; button_two_text_color__hover_enabled=&#8221;off&#8221; button_border_width__hover_enabled=&#8221;off&#8221; button_one_border_width__hover_enabled=&#8221;off&#8221; button_two_border_width__hover_enabled=&#8221;off&#8221; button_border_color__hover_enabled=&#8221;off&#8221; button_one_border_color__hover_enabled=&#8221;off&#8221; button_two_border_color__hover_enabled=&#8221;off&#8221; button_border_radius__hover_enabled=&#8221;off&#8221; button_one_border_radius__hover_enabled=&#8221;off&#8221; button_two_border_radius__hover_enabled=&#8221;off&#8221; button_letter_spacing__hover_enabled=&#8221;off&#8221; button_one_letter_spacing__hover_enabled=&#8221;off&#8221; button_two_letter_spacing__hover_enabled=&#8221;off&#8221; button_bg_color__hover_enabled=&#8221;off&#8221; button_one_bg_color__hover_enabled=&#8221;off&#8221; button_two_bg_color__hover_enabled=&#8221;off&#8221;][\/et_pb_button][\/et_pb_column][et_pb_column type=&#8221;1_3&#8243; _builder_version=&#8221;3.25&#8243; background_color=&#8221;#ffffff&#8221; custom_padding=&#8221;|||&#8221; custom_css_main_element=&#8221;box-shadow:0 0 100px #ddd;&#8221; custom_padding__hover=&#8221;|||&#8221;][et_pb_image src=&#8221;https:\/\/nirvanaverde.it\/wp-content\/uploads\/2021\/01\/Nirvana-Raid.jpg&#8221; show_bottom_space=&#8221;off&#8221; align_tablet=&#8221;center&#8221; align_phone=&#8221;&#8221; align_last_edited=&#8221;on|desktop&#8221; _builder_version=&#8221;4.4.3&#8243;][\/et_pb_image][et_pb_text _builder_version=&#8221;4.4.3&#8243; custom_margin=&#8221;||15px|&#8221;]<\/p>\n<h4>Nirvana Raid<\/h4>\n<p>Fiore all&#8217;occhiello dell&#8217;ASD Nirvana Verde sono i Raid e le gare in autosufficienza che la societ\u00e0 organizza annualmente. Tutte le informazioni sul sito dedicato<\/p>\n<p>[\/et_pb_text][et_pb_button button_url=&#8221;https:\/\/www.nirvanaraid.it\/&#8221; button_text=&#8221;NirvanaRaid.it&#8221; _builder_version=&#8221;4.4.3&#8243; custom_button=&#8221;on&#8221; button_text_color=&#8221;#ffffff&#8221; button_bg_color=&#8221;#82b440&#8243; background_layout=&#8221;dark&#8221; custom_css_main_element=&#8221;padding:12px 35px!important&#8221; button_text_size__hover_enabled=&#8221;off&#8221; button_one_text_size__hover_enabled=&#8221;off&#8221; button_two_text_size__hover_enabled=&#8221;off&#8221; button_text_color__hover_enabled=&#8221;off&#8221; button_one_text_color__hover_enabled=&#8221;off&#8221; button_two_text_color__hover_enabled=&#8221;off&#8221; button_border_width__hover_enabled=&#8221;off&#8221; button_one_border_width__hover_enabled=&#8221;off&#8221; button_two_border_width__hover_enabled=&#8221;off&#8221; button_border_color__hover_enabled=&#8221;off&#8221; button_one_border_color__hover_enabled=&#8221;off&#8221; button_two_border_color__hover_enabled=&#8221;off&#8221; button_border_radius__hover_enabled=&#8221;off&#8221; button_one_border_radius__hover_enabled=&#8221;off&#8221; button_two_border_radius__hover_enabled=&#8221;off&#8221; button_letter_spacing__hover_enabled=&#8221;off&#8221; button_one_letter_spacing__hover_enabled=&#8221;off&#8221; button_two_letter_spacing__hover_enabled=&#8221;off&#8221; button_bg_color__hover_enabled=&#8221;off&#8221; button_one_bg_color__hover_enabled=&#8221;off&#8221; button_two_bg_color__hover_enabled=&#8221;off&#8221;][\/et_pb_button][\/et_pb_column][et_pb_column type=&#8221;1_3&#8243; _builder_version=&#8221;3.25&#8243; background_color=&#8221;#ffffff&#8221; custom_padding=&#8221;|||&#8221; custom_css_main_element=&#8221;box-shadow:0 0 100px #ddd;&#8221; custom_padding__hover=&#8221;|||&#8221;][et_pb_image src=&#8221;https:\/\/nirvanaverde.it\/wp-content\/uploads\/2021\/01\/fiso.jpg&#8221; show_bottom_space=&#8221;off&#8221; align_tablet=&#8221;center&#8221; align_phone=&#8221;&#8221; align_last_edited=&#8221;on|desktop&#8221; _builder_version=&#8221;4.4.3&#8243;][\/et_pb_image][et_pb_text _builder_version=&#8221;4.4.3&#8243; custom_margin=&#8221;||15px|&#8221;]<\/p>\n<h4>Gare FISO<\/h4>\n<h4><span style=\"font-size: 14px; color: #5b606d; font-weight: 500;\">Sul sito della FISO potete trovare tutte le gare in programma sul territorio italiano e organizzate da societ\u00e0 affiliate.<\/span><\/h4>\n<p>[\/et_pb_text][et_pb_button button_url=&#8221;https:\/\/www.fiso.it\/gar_lista.php&#8221; button_text=&#8221;Fiso.it&#8221; _builder_version=&#8221;4.4.3&#8243; custom_button=&#8221;on&#8221; button_text_color=&#8221;#ffffff&#8221; button_bg_color=&#8221;#82b440&#8243; background_layout=&#8221;dark&#8221; custom_css_main_element=&#8221;padding:12px 35px!important&#8221; button_text_size__hover_enabled=&#8221;off&#8221; button_one_text_size__hover_enabled=&#8221;off&#8221; button_two_text_size__hover_enabled=&#8221;off&#8221; button_text_color__hover_enabled=&#8221;off&#8221; button_one_text_color__hover_enabled=&#8221;off&#8221; button_two_text_color__hover_enabled=&#8221;off&#8221; button_border_width__hover_enabled=&#8221;off&#8221; button_one_border_width__hover_enabled=&#8221;off&#8221; button_two_border_width__hover_enabled=&#8221;off&#8221; button_border_color__hover_enabled=&#8221;off&#8221; button_one_border_color__hover_enabled=&#8221;off&#8221; button_two_border_color__hover_enabled=&#8221;off&#8221; button_border_radius__hover_enabled=&#8221;off&#8221; button_one_border_radius__hover_enabled=&#8221;off&#8221; button_two_border_radius__hover_enabled=&#8221;off&#8221; button_letter_spacing__hover_enabled=&#8221;off&#8221; button_one_letter_spacing__hover_enabled=&#8221;off&#8221; button_two_letter_spacing__hover_enabled=&#8221;off&#8221; button_bg_color__hover_enabled=&#8221;off&#8221; button_one_bg_color__hover_enabled=&#8221;off&#8221; button_two_bg_color__hover_enabled=&#8221;off&#8221;][\/et_pb_button][\/et_pb_column][\/et_pb_row][\/et_pb_section][et_pb_section fb_built=&#8221;1&#8243; module_id=&#8221;feedback&#8221; _builder_version=&#8221;3.10.1&#8243; background_color=&#8221;#82b440&#8243; global_module=&#8221;57&#8243; collapsed=&#8221;off&#8221;][et_pb_row column_structure=&#8221;1_4,1_4,1_4,1_4&#8243; _builder_version=&#8221;3.25&#8243; background_size=&#8221;initial&#8221; background_position=&#8221;top_left&#8221; background_repeat=&#8221;repeat&#8221; collapsed=&#8221;off&#8221;][et_pb_column type=&#8221;1_4&#8243; _builder_version=&#8221;3.25&#8243; custom_padding=&#8221;|||&#8221; custom_padding__hover=&#8221;|||&#8221;][et_pb_number_counter title=&#8221;TESSERATI&#8221; number=&#8221;31&#8243; percent_sign=&#8221;off&#8221; _builder_version=&#8221;4.4.3&#8243; title_font=&#8221;|||on|||||&#8221; title_font_size=&#8221;18&#8243; number_text_color=&#8221;#ffffff&#8221; number_font_size=&#8221;50&#8243; background_layout=&#8221;dark&#8221; link_option_url=&#8221;https:\/\/www.fiso.it\/societa\/0188\/2020&#8243; custom_css_after=&#8221;height: 60px;|| width: 4px;|| content: &#8221;;|| background: #abcd7f;|| position: absolute;|| right: 0;|| top: 20px;|| margin-right: -13%;&#8221;][\/et_pb_number_counter][\/et_pb_column][et_pb_column type=&#8221;1_4&#8243; _builder_version=&#8221;3.25&#8243; custom_padding=&#8221;|||&#8221; custom_padding__hover=&#8221;|||&#8221;][et_pb_number_counter title=&#8221;ANNI DI ATTIVITA'&#8221; number=&#8221;33&#8243; percent_sign=&#8221;off&#8221; _builder_version=&#8221;4.4.3&#8243; title_font=&#8221;|||on|||||&#8221; title_font_size=&#8221;18&#8243; number_text_color=&#8221;#ffffff&#8221; number_font_size=&#8221;50&#8243; background_layout=&#8221;dark&#8221; custom_css_after=&#8221;height: 60px;|| width: 4px;|| content: &#8221;;|| background: #abcd7f;|| position: absolute;|| right: 0;|| top: 20px;|| margin-right: -13%;&#8221;][\/et_pb_number_counter][\/et_pb_column][et_pb_column type=&#8221;1_4&#8243; _builder_version=&#8221;3.25&#8243; custom_padding=&#8221;|||&#8221; custom_padding__hover=&#8221;|||&#8221;][et_pb_number_counter title=&#8221;impianti cartografici REALIZZATI&#8221; number=&#8221;46&#8243; percent_sign=&#8221;off&#8221; _builder_version=&#8221;4.4.3&#8243; title_font=&#8221;|||on|||||&#8221; title_font_size=&#8221;18&#8243; number_text_color=&#8221;#ffffff&#8221; number_font_size=&#8221;50&#8243; background_layout=&#8221;dark&#8221; link_option_url=&#8221;https:\/\/www.google.com\/maps\/d\/viewer?mid=18qAtNIYDB6_MPeRi8-jDwguBBdU&#038;hl=en&#038;usp=sharing&#8221; custom_css_after=&#8221;height: 60px;|| width: 4px;|| content: &#8221;;|| background: #abcd7f;|| position: absolute;|| right: 0;|| top: 20px;|| margin-right: -13%;&#8221;][\/et_pb_number_counter][\/et_pb_column][et_pb_column type=&#8221;1_4&#8243; _builder_version=&#8221;3.25&#8243; custom_padding=&#8221;|||&#8221; custom_padding__hover=&#8221;|||&#8221;][et_pb_number_counter title=&#8221;GIOVANI&#8221; number=&#8221;16&#8243; percent_sign=&#8221;off&#8221; _builder_version=&#8221;4.4.3&#8243; title_font=&#8221;|||on|||||&#8221; title_font_size=&#8221;18&#8243; number_text_color=&#8221;#ffffff&#8221; number_font_size=&#8221;50&#8243; background_layout=&#8221;dark&#8221;][\/et_pb_number_counter][\/et_pb_column][\/et_pb_row][\/et_pb_section][et_pb_section fb_built=&#8221;1&#8243; _builder_version=&#8221;3.10.1&#8243; global_module=&#8221;52&#8243;][et_pb_row _builder_version=&#8221;3.25&#8243; background_size=&#8221;initial&#8221; background_position=&#8221;top_left&#8221; background_repeat=&#8221;repeat&#8221;][et_pb_column type=&#8221;4_4&#8243; _builder_version=&#8221;3.25&#8243; custom_padding=&#8221;|||&#8221; custom_padding__hover=&#8221;|||&#8221;][et_pb_text _builder_version=&#8221;3.27.4&#8243;]<\/p>\n<h2 class=\"baseline center\">I nostri tecnici<\/h2>\n<p>[\/et_pb_text][\/et_pb_column][\/et_pb_row][et_pb_row column_structure=&#8221;1_4,1_4,1_4,1_4&#8243; use_custom_gutter=&#8221;on&#8221; gutter_width=&#8221;2&#8243; _builder_version=&#8221;3.25&#8243;][et_pb_column type=&#8221;1_4&#8243; _builder_version=&#8221;3.25&#8243; custom_padding=&#8221;|||&#8221; custom_padding__hover=&#8221;|||&#8221;][et_pb_team_member name=&#8221;Andrea Gianotti&#8221; position=&#8221;FORMATORE, TRACCIATORE, UFFICIALE GARA&#8221; image_url=&#8221;https:\/\/nirvanaverde.it\/wp-content\/uploads\/2021\/01\/Andrea.jpg&#8221; _builder_version=&#8221;4.4.3&#8243; header_font=&#8221;|600|||||||&#8221; header_text_align=&#8221;center&#8221; header_font_size=&#8221;20&#8243; body_text_align=&#8221;center&#8221; text_orientation=&#8221;center&#8221; custom_css_title=&#8221;padding-bottom:0;&#8221; custom_css_member_position=&#8221;color:#82b340;||text-transform:uppercase;&#8221;][\/et_pb_team_member][\/et_pb_column][et_pb_column type=&#8221;1_4&#8243; _builder_version=&#8221;3.25&#8243; custom_padding=&#8221;|||&#8221; custom_padding__hover=&#8221;|||&#8221;][et_pb_team_member name=&#8221;Stefano Gottardi&#8221; position=&#8221;FORMATORE, TRACCIATORE&#8221; image_url=&#8221;https:\/\/nirvanaverde.it\/wp-content\/uploads\/2021\/01\/Stefano.jpg&#8221; _builder_version=&#8221;4.4.3&#8243; header_font=&#8221;|600|||||||&#8221; header_text_align=&#8221;center&#8221; header_font_size=&#8221;20&#8243; body_text_align=&#8221;center&#8221; text_orientation=&#8221;center&#8221; custom_css_title=&#8221;padding-bottom:0;&#8221; custom_css_member_position=&#8221;color:#82b340;||text-transform:uppercase;&#8221;][\/et_pb_team_member][\/et_pb_column][et_pb_column type=&#8221;1_4&#8243; _builder_version=&#8221;3.25&#8243; custom_padding=&#8221;|||&#8221; custom_padding__hover=&#8221;|||&#8221;][et_pb_team_member name=&#8221;Mario Ruggiero&#8221; position=&#8221;FORMATORE, TRACCIATORE, UFFICIALE GARA&#8221; image_url=&#8221;https:\/\/nirvanaverde.it\/wp-content\/uploads\/2021\/01\/Mario.jpg&#8221; _builder_version=&#8221;4.4.3&#8243; header_font=&#8221;|600|||||||&#8221; header_text_align=&#8221;center&#8221; header_font_size=&#8221;20&#8243; body_text_align=&#8221;center&#8221; text_orientation=&#8221;center&#8221; custom_padding=&#8221;||10px|||&#8221; custom_css_title=&#8221;padding-bottom:0;&#8221; custom_css_member_position=&#8221;color:#82b340;||text-transform:uppercase;&#8221;][\/et_pb_team_member][\/et_pb_column][et_pb_column type=&#8221;1_4&#8243; _builder_version=&#8221;3.25&#8243; custom_padding=&#8221;|||&#8221; custom_padding__hover=&#8221;|||&#8221;][et_pb_team_member name=&#8221;Maurizio Todeschini&#8221; position=&#8221;ALLENATORE, FORMATORE, TRACCIATORE&#8221; image_url=&#8221;https:\/\/nirvanaverde.it\/wp-content\/uploads\/2020\/03\/Maurizio-270&#215;317-1.jpg&#8221; _builder_version=&#8221;4.3.4&#8243; header_font=&#8221;|600|||||||&#8221; header_text_align=&#8221;center&#8221; header_font_size=&#8221;20&#8243; body_text_align=&#8221;center&#8221; text_orientation=&#8221;center&#8221; custom_css_title=&#8221;padding-bottom:0;&#8221; custom_css_member_position=&#8221;color:#82b340;||text-transform:uppercase;&#8221;][\/et_pb_team_member][\/et_pb_column][\/et_pb_row][\/et_pb_section][et_pb_section fb_built=&#8221;1&#8243; module_id=&#8221;testimonial-slider&#8221; _builder_version=&#8221;3.10.1&#8243; global_module=&#8221;56&#8243;][\/et_pb_section][et_pb_section fb_built=&#8221;1&#8243; module_id=&#8221;subscribe&#8221; _builder_version=&#8221;4.3.4&#8243; background_color=&#8221;#82b440&#8243; custom_padding=&#8221;40px||40px|&#8221; global_module=&#8221;55&#8243;][et_pb_row _builder_version=&#8221;4.4.3&#8243;][et_pb_column type=&#8221;4_4&#8243; _builder_version=&#8221;4.3.4&#8243;][et_pb_accordion _builder_version=&#8221;4.3.4&#8243;][et_pb_accordion_item title=&#8221;La storia&#8221; open=&#8221;on&#8221; _builder_version=&#8221;4.3.4&#8243;]<\/p>\n<p>L&#8217;Associazione Sportiva Dilettantistica Nirvana Verde \u00e8 nata a Lecco nel 1988 e si \u00e8 distinta da subito per l&#8217;amore verso gli <strong>sport a stretto contatto con la natura<\/strong>.<\/p>\n<p>Guidato da Enzo Nogara, Laura Rossi (sorella del celebre Antonio) e Frediano Denti, il gruppo ha iniziato a radunare intorno a s\u00e9 numerosi giovani interessati alla <strong>montagna<\/strong> e ha cominciato a diffondere <strong>l&#8217;orienteering<\/strong>, una nuova disciplina sportiva appena importata dalla Scandinavia. I primi successi non hanno tardato ad arrivare: il primo titolo tricolore nella storia del Nirvana Verde \u00e8 arrivato infatti gi\u00e0 nel 1991, ai campionati italiani a\u00a0 staffetta a Rovegno.<\/p>\n<p>Un percorso naturale ha poi portato alla maturit\u00e0 i primi ragazzi iscritti, che da atleti sono diventati anche dirigenti, prendendo in mano la squadra e cercando di migliorarla sia a livello sportivo che tecnico. Sono oltre 50 oggi i tesserati e in continua crescita.<\/p>\n<p>[\/et_pb_accordion_item][et_pb_accordion_item title=&#8221;L&#8217;evoluzione&#8221; _builder_version=&#8221;4.3.4&#8243; open=&#8221;off&#8221;]<\/p>\n<p>Con il passare degli anni l&#8217;ASD Nirvana Verde ha cercato di impostare un percorso che rispecchiasse una particolare visione dell&#8217;orienteering che ha portato all&#8217;ideazione di <strong>&#8220;raid in orientamento&#8221;<\/strong> nei quali alle difficolt\u00e0 tecniche (lettura della mappa, uso della bussola&#8230;) si affiancassero grandi distanze.<\/p>\n<p>Questa evoluzione ha permesso l&#8217;organizzazione di <strong>Adventure Trail<\/strong>, di <strong>Raid Multisport<\/strong> e di <strong>Mountain Marathon<\/strong> in orientamento che hanno portato i concorrenti provenienti da tutta Italia sulle vette dei pi\u00f9 famosi monti del lecchese, ma non solo.<br \/> Tra i tanti fantastici posti esplorati meritano menzione il Resegone, le Grigne, il Magnodeno, il Moregallo, il Pizzo Mellasc&#8217;, il San Primo, l&#8217;Ocone, il Pizzo dei Tre Signori, il Bolettone, Montevecchia e il Curone, i Corni di Canzo, Valcava, il Cornizzolo, il Palanzone e il Monte Barro.<\/p>\n<p>[\/et_pb_accordion_item][\/et_pb_accordion][\/et_pb_column][\/et_pb_row][\/et_pb_section]<\/p>\n","protected":false},"excerpt":{"rendered":"<p>Home \/ ATTIVITA&#8217;Attivit\u00e0 agonistica e non solo L&#8217;orienteering offre la possibilit\u00e0 di svolgere attivit\u00e0 sportiva all&#8217;aperto adatta a tutti. L&#8217;ASD Nirvana Verde si \u00e8 specializzata negli anni nell&#8217;organizzazione e nella partecipazione di gare impegnative e lunghe come gli Adventure Trail in Orientamento o Raid, le Mountain Marathon e le Adventure Race Multisport. Esistono per\u00f2 gare [&hellip;]<\/p>\n","protected":false},"author":5,"featured_media":0,"parent":0,"menu_order":0,"comment_status":"closed","ping_status":"closed","template":"","meta":{"_et_pb_use_builder":"on","_et_pb_old_content":"","_et_gb_content_width":"","footnotes":""},"class_list":["post-979","page","type-page","status-publish","hentry"],"_links":{"self":[{"href":"https:\/\/nirvanaverde.it\/index.php?rest_route=\/wp\/v2\/pages\/979","targetHints":{"allow":["GET"]}}],"collection":[{"href":"https:\/\/nirvanaverde.it\/index.php?rest_route=\/wp\/v2\/pages"}],"about":[{"href":"https:\/\/nirvanaverde.it\/index.php?rest_route=\/wp\/v2\/types\/page"}],"author":[{"embeddable":true,"href":"https:\/\/nirvanaverde.it\/index.php?rest_route=\/wp\/v2\/users\/5"}],"replies":[{"embeddable":true,"href":"https:\/\/nirvanaverde.it\/index.php?rest_route=%2Fwp%2Fv2%2Fcomments&post=979"}],"version-history":[{"count":16,"href":"https:\/\/nirvanaverde.it\/index.php?rest_route=\/wp\/v2\/pages\/979\/revisions"}],"predecessor-version":[{"id":1109,"href":"https:\/\/nirvanaverde.it\/index.php?rest_route=\/wp\/v2\/pages\/979\/revisions\/1109"}],"wp:attachment":[{"href":"https:\/\/nirvanaverde.it\/index.php?rest_route=%2Fwp%2Fv2%2Fmedia&parent=979"}],"curies":[{"name":"wp","href":"https:\/\/api.w.org\/{rel}","templated":true}]}}