{"id":1157,"date":"2021-01-04T22:13:20","date_gmt":"2021-01-04T21:13:20","guid":{"rendered":"https:\/\/nirvanaverde.it\/?page_id=1157"},"modified":"2025-01-15T17:49:15","modified_gmt":"2025-01-15T16:49:15","slug":"team-building","status":"publish","type":"page","link":"https:\/\/nirvanaverde.it\/?page_id=1157","title":{"rendered":"Team Building Orienteering"},"content":{"rendered":"<p>[et_pb_section fb_built=&#8221;1&#8243; fullwidth=&#8221;on&#8221; _builder_version=&#8221;4.16&#8243; global_colors_info=&#8221;{}&#8221;][et_pb_fullwidth_header title=&#8221;Team Building, Incentive Meeting, Team Experience per aziende in ambiente Outdoor&#8221; _builder_version=&#8221;4.24.2&#8243; title_font=&#8221;|700|||||||&#8221; title_text_align=&#8221;left&#8221; title_font_size=&#8221;50px&#8221; title_letter_spacing=&#8221;2px&#8221; content_font=&#8221;|300||on|||||&#8221; content_font_size=&#8221;22px&#8221; subhead_font=&#8221;|300||on|||||&#8221; subhead_font_size=&#8221;22px&#8221; subhead_letter_spacing=&#8221;2px&#8221; subhead_line_height=&#8221;1.3em&#8221; background_color=&#8221;rgba(48,57,71,0.77)&#8221; background_image=&#8221;https:\/\/nirvanaverde.it\/wp-content\/uploads\/2020\/03\/Team-Building-3.jpg&#8221; background_blend=&#8221;soft-light&#8221; custom_button_one=&#8221;on&#8221; button_one_text_size=&#8221;14&#8243; button_one_text_color=&#8221;#ffffff&#8221; button_one_bg_color=&#8221;#eaba88&#8243; button_one_border_color=&#8221;#eaba88&#8243; button_one_letter_spacing=&#8221;2&#8243; button_one_font=&#8221;|||on|||||&#8221; button_one_use_icon=&#8221;off&#8221; custom_button_two=&#8221;on&#8221; button_two_text_size=&#8221;14&#8243; button_two_text_color=&#8221;#ffffff&#8221; button_two_border_color=&#8221;#ffffff&#8221; button_two_letter_spacing=&#8221;2&#8243; button_two_font=&#8221;|||on|||||&#8221; button_two_use_icon=&#8221;off&#8221; custom_padding=&#8221;110px||110px|&#8221; custom_padding_tablet=&#8221;&#8221; custom_padding_phone=&#8221;&#8221; custom_padding_last_edited=&#8221;on|desktop&#8221; button_one_text_color_hover=&#8221;#ffffff&#8221; button_one_border_color_hover=&#8221;#ffffff&#8221; button_two_border_color_hover=&#8221;#eaba88&#8243; button_one_letter_spacing_hover=&#8221;2&#8243; button_two_letter_spacing_hover=&#8221;2&#8243; button_one_bg_color_hover=&#8221;rgba(255,255,255,0)&#8221; button_two_bg_color_hover=&#8221;#eaba88&#8243; global_colors_info=&#8221;{}&#8221; button_one_text_size__hover_enabled=&#8221;off&#8221; button_two_text_size__hover_enabled=&#8221;off&#8221; button_one_text_color__hover_enabled=&#8221;on&#8221; button_one_text_color__hover=&#8221;#ffffff&#8221; button_two_text_color__hover_enabled=&#8221;off&#8221; button_one_border_width__hover_enabled=&#8221;off&#8221; button_two_border_width__hover_enabled=&#8221;off&#8221; button_one_border_color__hover_enabled=&#8221;on&#8221; button_one_border_color__hover=&#8221;#ffffff&#8221; button_two_border_color__hover_enabled=&#8221;on&#8221; button_two_border_color__hover=&#8221;#eaba88&#8243; button_one_border_radius__hover_enabled=&#8221;off&#8221; button_two_border_radius__hover_enabled=&#8221;off&#8221; button_one_letter_spacing__hover_enabled=&#8221;on&#8221; button_one_letter_spacing__hover=&#8221;2&#8243; button_two_letter_spacing__hover_enabled=&#8221;on&#8221; button_two_letter_spacing__hover=&#8221;2&#8243; button_one_bg_color__hover_enabled=&#8221;on&#8221; button_one_bg_color__hover=&#8221;rgba(255,255,255,0)&#8221; button_two_bg_color__hover_enabled=&#8221;on&#8221; button_two_bg_color__hover=&#8221;#eaba88&#8243;]<\/p>\n<p>Home \/ <span style=\"color: #82b440;\">DIDATTICA \/ TEAM BUILDING<\/span><\/p>\n<p>[\/et_pb_fullwidth_header][\/et_pb_section][et_pb_section fb_built=&#8221;1&#8243; module_id=&#8221;our-services&#8221; _builder_version=&#8221;4.16&#8243; custom_margin=&#8221;-55px|||||&#8221; global_colors_info=&#8221;{}&#8221;][et_pb_row _builder_version=&#8221;4.16&#8243; custom_padding=&#8221;||0px|&#8221; global_colors_info=&#8221;{}&#8221;][et_pb_column type=&#8221;4_4&#8243; _builder_version=&#8221;4.16&#8243; custom_padding=&#8221;|||&#8221; global_colors_info=&#8221;{}&#8221; custom_padding__hover=&#8221;|||&#8221;][et_pb_text _builder_version=&#8221;4.24.2&#8243; global_colors_info=&#8221;{}&#8221;]<\/p>\n<h2 class=\"baseline\">Team Building Orienteering<\/h2>\n<p>[\/et_pb_text][\/et_pb_column][\/et_pb_row][et_pb_row column_structure=&#8221;1_2,1_2&#8243; _builder_version=&#8221;4.16&#8243; custom_css_main_element=&#8221;display: -webkit-box;||    display: -ms-flexbox;||    display: flex;||    -webkit-box-align: center;||    -ms-flex-align: center;||    align-items: center;||    -webkit-box-orient: horizontal;||    -webkit-box-direction: normal;||    -ms-flex-direction: row;||    flex-direction: row;||    -ms-flex-wrap: wrap;||    flex-wrap: wrap;&#8221; global_colors_info=&#8221;{}&#8221;][et_pb_column type=&#8221;1_2&#8243; _builder_version=&#8221;4.16&#8243; custom_padding=&#8221;|||&#8221; global_colors_info=&#8221;{}&#8221; custom_padding__hover=&#8221;|||&#8221;][et_pb_text _builder_version=&#8221;4.24.2&#8243; global_colors_info=&#8221;{}&#8221;]<\/p>\n<p>L&#8217;<strong>ASD Nirvana Verde<\/strong> ha una pluriennale esperienza nell\u2019organizzazione e la gestione di <strong>Team Building<\/strong> personalizzati di orienteering per aziende e associazioni con la finalit\u00e0 di lavorare in gruppo e superare le difficolt\u00e0.<\/p>\n<p>L&#8217;attivit\u00e0 prevede formazione specifica con nozioni di base di orientamento, lettura della mappa e utilizzo di bussola. Oltre alla formazione ci saranno Outdoor Training su carte dell&#8217;ASD Nirvana Verde o con la possibilit\u00e0 di crearne ad hoc.<\/p>\n<p>[\/et_pb_text][\/et_pb_column][et_pb_column type=&#8221;1_2&#8243; _builder_version=&#8221;4.16&#8243; custom_padding=&#8221;|||&#8221; global_colors_info=&#8221;{}&#8221; custom_padding__hover=&#8221;|||&#8221;][et_pb_image src=&#8221;https:\/\/nirvanaverde.it\/wp-content\/uploads\/2021\/01\/Team-Building.jpg&#8221; _builder_version=&#8221;4.16&#8243; global_colors_info=&#8221;{}&#8221;][\/et_pb_image][\/et_pb_column][\/et_pb_row][et_pb_row column_structure=&#8221;1_2,1_2&#8243; use_custom_gutter=&#8221;on&#8221; gutter_width=&#8221;2&#8243; _builder_version=&#8221;4.16&#8243; global_colors_info=&#8221;{}&#8221;][et_pb_column type=&#8221;1_2&#8243; _builder_version=&#8221;4.16&#8243; background_color=&#8221;#ffffff&#8221; custom_padding=&#8221;|||&#8221; custom_css_main_element=&#8221;box-shadow:0 0 100px #ddd;&#8221; global_colors_info=&#8221;{}&#8221; custom_padding__hover=&#8221;|||&#8221;][et_pb_image src=&#8221;https:\/\/nirvanaverde.it\/wp-content\/uploads\/2020\/03\/Team-Building-2.jpg&#8221; show_bottom_space=&#8221;off&#8221; align_tablet=&#8221;center&#8221; align_phone=&#8221;&#8221; align_last_edited=&#8221;on|desktop&#8221; _builder_version=&#8221;4.16&#8243; global_colors_info=&#8221;{}&#8221;][\/et_pb_image][\/et_pb_column][et_pb_column type=&#8221;1_2&#8243; _builder_version=&#8221;4.16&#8243; background_color=&#8221;#ffffff&#8221; custom_padding=&#8221;|||&#8221; custom_css_main_element=&#8221;box-shadow:0 0 100px #ddd;&#8221; global_colors_info=&#8221;{}&#8221; custom_padding__hover=&#8221;|||&#8221;][et_pb_text _builder_version=&#8221;4.25.1&#8243; background_color=&#8221;rgba(0,0,0,0)&#8221; global_colors_info=&#8221;{}&#8221;]<\/p>\n<p>Per informazione pi\u00f9 approfondite:<br \/>Email: <a href=\"mailto:info@nirvanaverde.it\"><span id=\"et-info-email\">info@nirvanaverde.it<\/span><\/a><\/p>\n<p>[\/et_pb_text][\/et_pb_column][\/et_pb_row][\/et_pb_section]<\/p>\n","protected":false},"excerpt":{"rendered":"<p>Home \/ DIDATTICA \/ TEAM BUILDINGTeam Building OrienteeringL&#8217;ASD Nirvana Verde ha una pluriennale esperienza nell\u2019organizzazione e la gestione di Team Building personalizzati di orienteering per aziende e associazioni con la finalit\u00e0 di lavorare in gruppo e superare le difficolt\u00e0. L&#8217;attivit\u00e0 prevede formazione specifica con nozioni di base di orientamento, lettura della mappa e utilizzo di [&hellip;]<\/p>\n","protected":false},"author":5,"featured_media":0,"parent":48,"menu_order":0,"comment_status":"closed","ping_status":"closed","template":"","meta":{"_et_pb_use_builder":"on","_et_pb_old_content":"","_et_gb_content_width":"","footnotes":""},"class_list":["post-1157","page","type-page","status-publish","hentry"],"_links":{"self":[{"href":"https:\/\/nirvanaverde.it\/index.php?rest_route=\/wp\/v2\/pages\/1157","targetHints":{"allow":["GET"]}}],"collection":[{"href":"https:\/\/nirvanaverde.it\/index.php?rest_route=\/wp\/v2\/pages"}],"about":[{"href":"https:\/\/nirvanaverde.it\/index.php?rest_route=\/wp\/v2\/types\/page"}],"author":[{"embeddable":true,"href":"https:\/\/nirvanaverde.it\/index.php?rest_route=\/wp\/v2\/users\/5"}],"replies":[{"embeddable":true,"href":"https:\/\/nirvanaverde.it\/index.php?rest_route=%2Fwp%2Fv2%2Fcomments&post=1157"}],"version-history":[{"count":26,"href":"https:\/\/nirvanaverde.it\/index.php?rest_route=\/wp\/v2\/pages\/1157\/revisions"}],"predecessor-version":[{"id":1615,"href":"https:\/\/nirvanaverde.it\/index.php?rest_route=\/wp\/v2\/pages\/1157\/revisions\/1615"}],"up":[{"embeddable":true,"href":"https:\/\/nirvanaverde.it\/index.php?rest_route=\/wp\/v2\/pages\/48"}],"wp:attachment":[{"href":"https:\/\/nirvanaverde.it\/index.php?rest_route=%2Fwp%2Fv2%2Fmedia&parent=1157"}],"curies":[{"name":"wp","href":"https:\/\/api.w.org\/{rel}","templated":true}]}}